{"id":365,"date":"2008-02-11T21:42:11","date_gmt":"2008-02-11T19:42:11","guid":{"rendered":"http:\/\/intercambia.net\/temas\/index.php\/porque-suscribirse\/"},"modified":"2008-08-29T20:48:32","modified_gmt":"2008-08-29T18:48:32","slug":"porque-suscribirse","status":"publish","type":"page","link":"https:\/\/www.intercambia.net\/temas\/index.php\/porque-suscribirse\/","title":{"rendered":"Porqu\u00e9 suscribirse?"},"content":{"rendered":"<p>Subscribi&eacute;ndote recibir&aacute;s las novedades sobre intercambia, tambi&eacute;n sabr&aacute;s cuando se realizan nuevos mercados de intercambio o recibir&aacute;s las actualizaciones del blog con trucos para ahorrar, como <a href=\"http:\/\/regalosymuestrasgratis.com\/category\/regalos\" title=\"gratis\">obtener cosas gratis<\/a>, an&aacute;lisis de noticias econ&oacute;micas que nos afectan y mucho m&aacute;s.<\/p>\n<p><b>Puedes suscribirte por mail<\/b> y recibir las noticias en tu mail <b>o suscribirte al rss<\/b>. Pero qu&eacute; es el rss?<br \/> Cada vez que intercambia se actualiza env&iacute;a un archivo. Este archivo lo puedes ver en un programa lector de feeds que te hayas instalado en tu ordenador (<a href=\"http:\/\/feedreader.com\">feedreader<\/a>). O bien lo puedes ver en una p&aacute;gina web (<a href=\"http:\/\/bloglines.com\/\">bloglines<\/a>).<\/p>\n<p><b>Qu&eacute; gracia tienen?<\/b> Pues que en un solo sitio puedes tener las actualizaciones de las webs que m&aacute;s te gusten. En tu correo o en tu lector de feeds. Es como construirte un peri&oacute;dico personal pero con los articulistas que te gustan. De ese modo no has de visitar todas las p\u00e1ginas que te gustan si no que ellas te visitan a ti.<\/p>\n<p><strong><font size=4>C\u00f3mo me suscribo?<\/font><\/strong><\/p>\n<p>Es muy sencillo:<\/p>\n<p>Si quieres leer las actualizaciones en un lector web <strong>pulsa<\/strong> el icono azul de la derecha que pone <a href=\"http:\/\/feeds.feedburner.com\/Intercambia-blog\">suscr\u00edbete v\u00eda rss<\/a>. Te mostrar\u00e1 los lectores web. Elige el tuyo. Si no estuviera <a href=\"http:\/\/feeds.feedburner.com\/Intercambia-blog\">copia la direcci\u00f3n del rss<\/a> (bot\u00f3n derecho sobre el texto anterior y selecciona copiar enlace). Luego vas a tu lector web y pegas esa url en a\u00f1adir feeds o similar.<\/p>\n<p>Si quieres leer las actualizaciones en un programa que hayas instalado en tu ordenador. Entonces haz bot\u00f3n derecho sobre el icono de la derecha que pone <a href=\"http:\/\/feeds.feedburner.com\/Intercambia-blog\">suscr\u00edbete v\u00eda rss<\/a> y selecciona copiar enlace. Luego en tu programa haz nuevo y pega (CTRL+V) esa direcci\u00f3n web.<\/p>\n<p>Si quieres recibir las novedades en tu mail clica en <a href=\"http:\/\/www.feedburner.com\/fb\/a\/emailverifySubmit?feedId=726318&#038;loc=es_ES\">suscr\u00edbete v\u00eda e-mail<\/a> y pon tu direcci\u00f3n de email en la nueva pantalla. Tambi\u00e9n deber\u00e1s rellenar un antispam escribiendo las letras de una imagen que te muestren y listo.<\/p>\n<p>Si tienes cualquier pregunta al respecto no dudes en dejarla en los comentarios<\/p>\n","protected":false},"excerpt":{"rendered":"<p>Subscribi&eacute;ndote recibir&aacute;s las novedades sobre intercambia, tambi&eacute;n sabr&aacute;s cuando se realizan nuevos mercados de intercambio o recibir&aacute;s las actualizaciones del blog con trucos para ahorrar, como obtener cosas gratis, an&aacute;lisis de noticias econ&oacute;micas que nos afectan y mucho m&aacute;s. Puedes suscribirte por mail y recibir las noticias en tu mail o suscribirte al rss. Pero [&hellip;]<\/p>\n","protected":false},"author":2,"featured_media":0,"parent":0,"menu_order":0,"comment_status":"open","ping_status":"closed","template":"","meta":{"footnotes":""},"class_list":["post-365","page","type-page","status-publish","hentry"],"_links":{"self":[{"href":"https:\/\/www.intercambia.net\/temas\/index.php\/wp-json\/wp\/v2\/pages\/365","targetHints":{"allow":["GET"]}}],"collection":[{"href":"https:\/\/www.intercambia.net\/temas\/index.php\/wp-json\/wp\/v2\/pages"}],"about":[{"href":"https:\/\/www.intercambia.net\/temas\/index.php\/wp-json\/wp\/v2\/types\/page"}],"author":[{"embeddable":true,"href":"https:\/\/www.intercambia.net\/temas\/index.php\/wp-json\/wp\/v2\/users\/2"}],"replies":[{"embeddable":true,"href":"https:\/\/www.intercambia.net\/temas\/index.php\/wp-json\/wp\/v2\/comments?post=365"}],"version-history":[{"count":0,"href":"https:\/\/www.intercambia.net\/temas\/index.php\/wp-json\/wp\/v2\/pages\/365\/revisions"}],"wp:attachment":[{"href":"https:\/\/www.intercambia.net\/temas\/index.php\/wp-json\/wp\/v2\/media?parent=365"}],"curies":[{"name":"wp","href":"https:\/\/api.w.org\/{rel}","templated":true}]}}