{"id":2,"date":"2007-02-18T16:12:41","date_gmt":"2007-02-18T15:12:41","guid":{"rendered":"http:\/\/intercambia.net\/temas\/index.php\/about\/"},"modified":"2008-08-29T20:37:19","modified_gmt":"2008-08-29T18:37:19","slug":"about","status":"publish","type":"page","link":"https:\/\/www.intercambia.net\/temas\/index.php\/about\/","title":{"rendered":"Sobre este blog"},"content":{"rendered":"<p>Este Blog forma parte del proyecto intercambia.net. <\/p>\n<p>Aqu\u00ed se hablar\u00e1 de otras formas de entender el mundo. El consumismo, c\u00f3mo gastar menos, consejos para ahorrar, lugares para realizar trueques, movimientos sociales, etc. <\/p>\n<p>En pocos d\u00edas comenzaremos a realizar un <strong>bolet\u00edn semanal <\/strong>con noticias de otros medios que sean de la l\u00ednea de este blog. As\u00ed ofertas, <a href=\"http:\/\/regalosymuestrasgratis.com\/category\/regalos\" title=\"gratis\">cosas gratis<\/a>, noticias relevantes, etc. Se os enviar\u00e1n directamente a vuestra direcci\u00f3n de email. Pod\u00e9is inscribiros en la parte superior derecha de la web (donde pone bolet\u00edn) introduciendo vuestro email y d\u00e1ndole a enviar. Estos datos no se utilizar\u00e1n con ning\u00fan fin comercial, ni ser\u00e1n cedidos a nadie.<\/p>\n<p>Intercambia.net es un proyecto dedicado a <u>facilitar<\/u> los intercambios de objetos o habilidades. En estos momentos se encuentra en proceso de desarrollo. <\/p>\n<p>Espero que os guste y ya sab\u00e9is cualquier sugerencia o queja constructiva es bienvenida.<\/p>\n","protected":false},"excerpt":{"rendered":"<p>Este Blog forma parte del proyecto intercambia.net. Aqu\u00ed se hablar\u00e1 de otras formas de entender el mundo. El consumismo, c\u00f3mo gastar menos, consejos para ahorrar, lugares para realizar trueques, movimientos sociales, etc. En pocos d\u00edas comenzaremos a realizar un bolet\u00edn semanal con noticias de otros medios que sean de la l\u00ednea de este blog. As\u00ed [&hellip;]<\/p>\n","protected":false},"author":1,"featured_media":0,"parent":0,"menu_order":0,"comment_status":"open","ping_status":"closed","template":"","meta":{"footnotes":""},"class_list":["post-2","page","type-page","status-publish","hentry"],"_links":{"self":[{"href":"https:\/\/www.intercambia.net\/temas\/index.php\/wp-json\/wp\/v2\/pages\/2","targetHints":{"allow":["GET"]}}],"collection":[{"href":"https:\/\/www.intercambia.net\/temas\/index.php\/wp-json\/wp\/v2\/pages"}],"about":[{"href":"https:\/\/www.intercambia.net\/temas\/index.php\/wp-json\/wp\/v2\/types\/page"}],"author":[{"embeddable":true,"href":"https:\/\/www.intercambia.net\/temas\/index.php\/wp-json\/wp\/v2\/users\/1"}],"replies":[{"embeddable":true,"href":"https:\/\/www.intercambia.net\/temas\/index.php\/wp-json\/wp\/v2\/comments?post=2"}],"version-history":[{"count":0,"href":"https:\/\/www.intercambia.net\/temas\/index.php\/wp-json\/wp\/v2\/pages\/2\/revisions"}],"wp:attachment":[{"href":"https:\/\/www.intercambia.net\/temas\/index.php\/wp-json\/wp\/v2\/media?parent=2"}],"curies":[{"name":"wp","href":"https:\/\/api.w.org\/{rel}","templated":true}]}}